{"id":46,"date":"2024-09-27T00:41:52","date_gmt":"2024-09-27T00:41:52","guid":{"rendered":"https:\/\/mam.nc\/?page_id=46"},"modified":"2024-11-11T13:19:49","modified_gmt":"2024-11-11T02:19:49","slug":"actualites","status":"publish","type":"page","link":"https:\/\/mam.nc\/en\/actualites\/","title":{"rendered":"Actualit\u00e9s"},"content":{"rendered":"<p>[et_pb_section fb_built=\u00a0\u00bb1&Prime; fullwidth=\u00a0\u00bbon\u00a0\u00bb _builder_version=\u00a0\u00bb4.27.2&Prime; _module_preset=\u00a0\u00bbdefault\u00a0\u00bb background_color=\u00a0\u00bb#FFFFFF\u00a0\u00bb custom_margin=\u00a0\u00bb||||false|false\u00a0\u00bb custom_padding=\u00a0\u00bb||||false|false\u00a0\u00bb bottom_divider_style=\u00a0\u00bbslant\u00a0\u00bb bottom_divider_color=\u00a0\u00bb#f5f5f5&Prime; bottom_divider_flip=\u00a0\u00bbhorizontal\u00a0\u00bb hover_enabled=\u00a0\u00bb0&Prime; global_colors_info=\u00a0\u00bb{}\u00a0\u00bb sticky_enabled=\u00a0\u00bb0&Prime;][et_pb_fullwidth_post_slider posts_number=\u00a0\u00bb3&Prime; include_categories=\u00a0\u00bb11&Prime; more_text=\u00a0\u00bbLire la suite\u00a0\u00bb excerpt_length=\u00a0\u00bb400&Prime; show_meta=\u00a0\u00bboff\u00a0\u00bb _builder_version=\u00a0\u00bb4.27.3&Prime; _module_preset=\u00a0\u00bbdefault\u00a0\u00bb header_text_color=\u00a0\u00bb#FFFFFF\u00a0\u00bb body_font_size=\u00a0\u00bb20px\u00a0\u00bb custom_button=\u00a0\u00bbon\u00a0\u00bb button_text_color=\u00a0\u00bb#FFFFFF\u00a0\u00bb hover_enabled=\u00a0\u00bb0&Prime; global_colors_info=\u00a0\u00bb{}\u00a0\u00bb custom_padding_last_edited=\u00a0\u00bbon|phone\u00a0\u00bb custom_padding_phone=\u00a0\u00bb|0px|40%|0px|false|true\u00a0\u00bb sticky_enabled=\u00a0\u00bb0&Prime;][\/et_pb_fullwidth_post_slider][\/et_pb_section][et_pb_section fb_built=\u00a0\u00bb1&Prime; admin_label=\u00a0\u00bbArticles\u00a0\u00bb _builder_version=\u00a0\u00bb4.27.2&Prime; background_color=\u00a0\u00bb#ffffff\u00a0\u00bb use_background_color_gradient=\u00a0\u00bbon\u00a0\u00bb background_color_gradient_direction=\u00a0\u00bb5deg\u00a0\u00bb background_color_gradient_stops=\u00a0\u00bb#ffffff 0%|#f5f5f5 100%\u00a0\u00bb background_color_gradient_start=\u00a0\u00bb#ffffff\u00a0\u00bb background_color_gradient_end=\u00a0\u00bb#f5f5f5&Prime; custom_padding=\u00a0\u00bb0px|0px|0px|0px|false|false\u00a0\u00bb top_divider_color=\u00a0\u00bb#e5e5e5&Prime; top_divider_flip=\u00a0\u00bbhorizontal\u00a0\u00bb bottom_divider_color=\u00a0\u00bb#333333&Prime; bottom_divider_flip=\u00a0\u00bbhorizontal\u00a0\u00bb bottom_divider_arrangement=\u00a0\u00bbabove_content\u00a0\u00bb collapsed=\u00a0\u00bboff\u00a0\u00bb global_colors_info=\u00a0\u00bb{}\u00a0\u00bb][et_pb_row _builder_version=\u00a0\u00bb4.16&Prime; global_colors_info=\u00a0\u00bb{}\u00a0\u00bb][et_pb_column type=\u00a0\u00bb4_4&Prime; _builder_version=\u00a0\u00bb4.16&Prime; custom_padding=\u00a0\u00bb|||\u00a0\u00bb global_colors_info=\u00a0\u00bb{}\u00a0\u00bb custom_padding__hover=\u00a0\u00bb|||\u00a0\u00bb][et_pb_text admin_label=\u00a0\u00bbTitle\u00a0\u00bb _builder_version=\u00a0\u00bb4.27.2&Prime; text_font=\u00a0\u00bb||||||||\u00a0\u00bb text_line_height=\u00a0\u00bb1.8em\u00a0\u00bb link_font=\u00a0\u00bb||||||||\u00a0\u00bb ul_font=\u00a0\u00bb||||||||\u00a0\u00bb ol_font=\u00a0\u00bb||||||||\u00a0\u00bb quote_font=\u00a0\u00bb||||||||\u00a0\u00bb header_font=\u00a0\u00bb||||||||\u00a0\u00bb header_2_font=\u00a0\u00bb|700|||||||\u00a0\u00bb header_2_text_color=\u00a0\u00bbrgba(51,51,51,0.85)\u00a0\u00bb header_2_font_size=\u00a0\u00bb40px\u00a0\u00bb header_2_letter_spacing=\u00a0\u00bb1px\u00a0\u00bb header_2_line_height=\u00a0\u00bb1.5em\u00a0\u00bb header_3_font=\u00a0\u00bb||||||||\u00a0\u00bb header_4_font=\u00a0\u00bb||||||||\u00a0\u00bb header_5_font=\u00a0\u00bb||||||||\u00a0\u00bb header_6_font=\u00a0\u00bb|700|||||||\u00a0\u00bb header_6_font_size=\u00a0\u00bb18px\u00a0\u00bb header_6_letter_spacing=\u00a0\u00bb1px\u00a0\u00bb header_6_line_height=\u00a0\u00bb1.8em\u00a0\u00bb text_orientation=\u00a0\u00bbcenter\u00a0\u00bb header_2_font_size_tablet=\u00a0\u00bb\u00a0\u00bb header_2_font_size_phone=\u00a0\u00bb22px\u00a0\u00bb header_2_font_size_last_edited=\u00a0\u00bbon|phone\u00a0\u00bb global_colors_info=\u00a0\u00bb{}\u00a0\u00bb]<\/p>\n<h2>Les MAM-Actus<\/h2>\n<h6>pour en savoir plus sur l\u2019univers de l\u2019assistance connect\u00e9e<\/h6>\n<p>&nbsp;<\/p>\n<p>[\/et_pb_text][\/et_pb_column][\/et_pb_row][et_pb_row _builder_version=\u00a0\u00bb4.27.2&Prime; background_color=\u00a0\u00bb#e5e5e5&Prime; max_width=\u00a0\u00bb1400px\u00a0\u00bb custom_padding=\u00a0\u00bb|35px|100px|35px|false|true\u00a0\u00bb global_colors_info=\u00a0\u00bb{}\u00a0\u00bb][et_pb_column type=\u00a0\u00bb4_4&Prime; _builder_version=\u00a0\u00bb4.27.2&Prime; global_colors_info=\u00a0\u00bb{}\u00a0\u00bb custom_padding__hover=\u00a0\u00bb|||\u00a0\u00bb][et_pb_blog fullwidth=\u00a0\u00bboff\u00a0\u00bb include_categories=\u00a0\u00bb11&Prime; meta_date=\u00a0\u00bbd\/m\/Y\u00a0\u00bb show_author=\u00a0\u00bboff\u00a0\u00bb show_date=\u00a0\u00bboff\u00a0\u00bb show_categories=\u00a0\u00bboff\u00a0\u00bb show_pagination=\u00a0\u00bboff\u00a0\u00bb use_overlay=\u00a0\u00bbon\u00a0\u00bb overlay_icon_color=\u00a0\u00bb#FFFFFF\u00a0\u00bb hover_overlay_color=\u00a0\u00bbrgba(128,0,193,0.3)\u00a0\u00bb hover_icon=\u00a0\u00bb&#xf00e;||fa||900&Prime; _builder_version=\u00a0\u00bb4.27.2&Prime; _module_preset=\u00a0\u00bbdefault\u00a0\u00bb pagination_text_color=\u00a0\u00bb#E02B20&Prime; text_orientation=\u00a0\u00bbleft\u00a0\u00bb custom_margin=\u00a0\u00bb|||||true\u00a0\u00bb custom_padding=\u00a0\u00bb||0px||false|true\u00a0\u00bb border_radii=\u00a0\u00bbon|25px|25px|25px|25px\u00a0\u00bb border_style_all=\u00a0\u00bbnone\u00a0\u00bb box_shadow_style=\u00a0\u00bbpreset1&Prime; global_colors_info=\u00a0\u00bb{}\u00a0\u00bb transform_styles__hover_enabled=\u00a0\u00bboff|desktop\u00a0\u00bb transform_scale__hover_enabled=\u00a0\u00bboff|desktop\u00a0\u00bb transform_translate__hover_enabled=\u00a0\u00bboff|desktop\u00a0\u00bb transform_rotate__hover_enabled=\u00a0\u00bboff|desktop\u00a0\u00bb transform_skew__hover_enabled=\u00a0\u00bboff|desktop\u00a0\u00bb transform_origin__hover_enabled=\u00a0\u00bboff|desktop\u00a0\u00bb][\/et_pb_blog][\/et_pb_column][\/et_pb_row][\/et_pb_section]<\/p>\n","protected":false},"excerpt":{"rendered":"<p>Les MAM-Actus pour en savoir plus sur l\u2019univers de l\u2019assistance connect\u00e9e &nbsp;<\/p>","protected":false},"author":1,"featured_media":0,"parent":0,"menu_order":0,"comment_status":"closed","ping_status":"closed","template":"page-template-fullwidth.php","meta":{"_et_pb_use_builder":"on","_et_pb_old_content":"","_et_gb_content_width":"","footnotes":""},"class_list":["post-46","page","type-page","status-publish","hentry"],"yoast_head":"<!-- This site is optimized with the Yoast SEO plugin v27.5 - https:\/\/yoast.com\/product\/yoast-seo-wordpress\/ -->\n<title>Actualit\u00e9s - MAM<\/title>\n<meta name=\"robots\" content=\"index, follow, max-snippet:-1, max-image-preview:large, max-video-preview:-1\" \/>\n<link rel=\"canonical\" href=\"https:\/\/mam.nc\/en\/actualites\/\" \/>\n<meta property=\"og:locale\" content=\"en_GB\" \/>\n<meta property=\"og:type\" content=\"article\" \/>\n<meta property=\"og:title\" content=\"Actualit\u00e9s - MAM\" \/>\n<meta property=\"og:description\" content=\"Les MAM-Actus pour en savoir plus sur l\u2019univers de l\u2019assistance connect\u00e9e &nbsp;\" \/>\n<meta property=\"og:url\" content=\"https:\/\/mam.nc\/en\/actualites\/\" \/>\n<meta property=\"og:site_name\" content=\"MAM\" \/>\n<meta property=\"article:publisher\" content=\"https:\/\/www.facebook.com\/MamAssistanceConnectee\/\" \/>\n<meta property=\"article:modified_time\" content=\"2024-11-11T02:19:49+00:00\" \/>\n<meta property=\"og:image\" content=\"https:\/\/mam.nc\/wp-content\/uploads\/2024\/09\/LOGO_MAM_V2-01-1.webp\" \/>\n\t<meta property=\"og:image:width\" content=\"442\" \/>\n\t<meta property=\"og:image:height\" content=\"292\" \/>\n\t<meta property=\"og:image:type\" content=\"image\/webp\" \/>\n<meta name=\"twitter:card\" content=\"summary_large_image\" \/>\n<script type=\"application\/ld+json\" class=\"yoast-schema-graph\">{\"@context\":\"https:\\\/\\\/schema.org\",\"@graph\":[{\"@type\":\"WebPage\",\"@id\":\"https:\\\/\\\/mam.nc\\\/actualites\\\/\",\"url\":\"https:\\\/\\\/mam.nc\\\/actualites\\\/\",\"name\":\"Actualit\u00e9s - MAM\",\"isPartOf\":{\"@id\":\"https:\\\/\\\/mam.nc\\\/#website\"},\"datePublished\":\"2024-09-27T00:41:52+00:00\",\"dateModified\":\"2024-11-11T02:19:49+00:00\",\"breadcrumb\":{\"@id\":\"https:\\\/\\\/mam.nc\\\/actualites\\\/#breadcrumb\"},\"inLanguage\":\"en-GB\",\"potentialAction\":[{\"@type\":\"ReadAction\",\"target\":[\"https:\\\/\\\/mam.nc\\\/actualites\\\/\"]}]},{\"@type\":\"BreadcrumbList\",\"@id\":\"https:\\\/\\\/mam.nc\\\/actualites\\\/#breadcrumb\",\"itemListElement\":[{\"@type\":\"ListItem\",\"position\":1,\"name\":\"Accueil\",\"item\":\"https:\\\/\\\/mam.nc\\\/\"},{\"@type\":\"ListItem\",\"position\":2,\"name\":\"Actualit\u00e9s\"}]},{\"@type\":\"WebSite\",\"@id\":\"https:\\\/\\\/mam.nc\\\/#website\",\"url\":\"https:\\\/\\\/mam.nc\\\/\",\"name\":\"MAM\",\"description\":\"Votre assistance connect\u00e9e pour gagner en s\u00e9r\u00e9nit\u00e9\",\"publisher\":{\"@id\":\"https:\\\/\\\/mam.nc\\\/#organization\"},\"potentialAction\":[{\"@type\":\"SearchAction\",\"target\":{\"@type\":\"EntryPoint\",\"urlTemplate\":\"https:\\\/\\\/mam.nc\\\/?s={search_term_string}\"},\"query-input\":{\"@type\":\"PropertyValueSpecification\",\"valueRequired\":true,\"valueName\":\"search_term_string\"}}],\"inLanguage\":\"en-GB\"},{\"@type\":\"Organization\",\"@id\":\"https:\\\/\\\/mam.nc\\\/#organization\",\"name\":\"MAM\",\"url\":\"https:\\\/\\\/mam.nc\\\/\",\"logo\":{\"@type\":\"ImageObject\",\"inLanguage\":\"en-GB\",\"@id\":\"https:\\\/\\\/mam.nc\\\/#\\\/schema\\\/logo\\\/image\\\/\",\"url\":\"https:\\\/\\\/mam.nc\\\/wp-content\\\/uploads\\\/2024\\\/09\\\/LOGO_MAM_V2-01-1.webp\",\"contentUrl\":\"https:\\\/\\\/mam.nc\\\/wp-content\\\/uploads\\\/2024\\\/09\\\/LOGO_MAM_V2-01-1.webp\",\"width\":442,\"height\":292,\"caption\":\"MAM\"},\"image\":{\"@id\":\"https:\\\/\\\/mam.nc\\\/#\\\/schema\\\/logo\\\/image\\\/\"},\"sameAs\":[\"https:\\\/\\\/www.facebook.com\\\/MamAssistanceConnectee\\\/\",\"https:\\\/\\\/www.linkedin.com\\\/company\\\/mam-l-assistance-connectee\\\/\"]}]}<\/script>\n<!-- \/ Yoast SEO plugin. -->","yoast_head_json":{"title":"Actualit\u00e9s - MAM","robots":{"index":"index","follow":"follow","max-snippet":"max-snippet:-1","max-image-preview":"max-image-preview:large","max-video-preview":"max-video-preview:-1"},"canonical":"https:\/\/mam.nc\/en\/actualites\/","og_locale":"en_GB","og_type":"article","og_title":"Actualit\u00e9s - MAM","og_description":"Les MAM-Actus pour en savoir plus sur l\u2019univers de l\u2019assistance connect\u00e9e &nbsp;","og_url":"https:\/\/mam.nc\/en\/actualites\/","og_site_name":"MAM","article_publisher":"https:\/\/www.facebook.com\/MamAssistanceConnectee\/","article_modified_time":"2024-11-11T02:19:49+00:00","og_image":[{"width":442,"height":292,"url":"https:\/\/mam.nc\/wp-content\/uploads\/2024\/09\/LOGO_MAM_V2-01-1.webp","type":"image\/webp"}],"twitter_card":"summary_large_image","schema":{"@context":"https:\/\/schema.org","@graph":[{"@type":"WebPage","@id":"https:\/\/mam.nc\/actualites\/","url":"https:\/\/mam.nc\/actualites\/","name":"Actualit\u00e9s - MAM","isPartOf":{"@id":"https:\/\/mam.nc\/#website"},"datePublished":"2024-09-27T00:41:52+00:00","dateModified":"2024-11-11T02:19:49+00:00","breadcrumb":{"@id":"https:\/\/mam.nc\/actualites\/#breadcrumb"},"inLanguage":"en-GB","potentialAction":[{"@type":"ReadAction","target":["https:\/\/mam.nc\/actualites\/"]}]},{"@type":"BreadcrumbList","@id":"https:\/\/mam.nc\/actualites\/#breadcrumb","itemListElement":[{"@type":"ListItem","position":1,"name":"Accueil","item":"https:\/\/mam.nc\/"},{"@type":"ListItem","position":2,"name":"Actualit\u00e9s"}]},{"@type":"WebSite","@id":"https:\/\/mam.nc\/#website","url":"https:\/\/mam.nc\/","name":"MAM","description":"Votre assistance connect\u00e9e pour gagner en s\u00e9r\u00e9nit\u00e9","publisher":{"@id":"https:\/\/mam.nc\/#organization"},"potentialAction":[{"@type":"SearchAction","target":{"@type":"EntryPoint","urlTemplate":"https:\/\/mam.nc\/?s={search_term_string}"},"query-input":{"@type":"PropertyValueSpecification","valueRequired":true,"valueName":"search_term_string"}}],"inLanguage":"en-GB"},{"@type":"Organization","@id":"https:\/\/mam.nc\/#organization","name":"MAM","url":"https:\/\/mam.nc\/","logo":{"@type":"ImageObject","inLanguage":"en-GB","@id":"https:\/\/mam.nc\/#\/schema\/logo\/image\/","url":"https:\/\/mam.nc\/wp-content\/uploads\/2024\/09\/LOGO_MAM_V2-01-1.webp","contentUrl":"https:\/\/mam.nc\/wp-content\/uploads\/2024\/09\/LOGO_MAM_V2-01-1.webp","width":442,"height":292,"caption":"MAM"},"image":{"@id":"https:\/\/mam.nc\/#\/schema\/logo\/image\/"},"sameAs":["https:\/\/www.facebook.com\/MamAssistanceConnectee\/","https:\/\/www.linkedin.com\/company\/mam-l-assistance-connectee\/"]}]}},"_links":{"self":[{"href":"https:\/\/mam.nc\/en\/wp-json\/wp\/v2\/pages\/46","targetHints":{"allow":["GET"]}}],"collection":[{"href":"https:\/\/mam.nc\/en\/wp-json\/wp\/v2\/pages"}],"about":[{"href":"https:\/\/mam.nc\/en\/wp-json\/wp\/v2\/types\/page"}],"author":[{"embeddable":true,"href":"https:\/\/mam.nc\/en\/wp-json\/wp\/v2\/users\/1"}],"replies":[{"embeddable":true,"href":"https:\/\/mam.nc\/en\/wp-json\/wp\/v2\/comments?post=46"}],"version-history":[{"count":5,"href":"https:\/\/mam.nc\/en\/wp-json\/wp\/v2\/pages\/46\/revisions"}],"predecessor-version":[{"id":705,"href":"https:\/\/mam.nc\/en\/wp-json\/wp\/v2\/pages\/46\/revisions\/705"}],"wp:attachment":[{"href":"https:\/\/mam.nc\/en\/wp-json\/wp\/v2\/media?parent=46"}],"curies":[{"name":"wp","href":"https:\/\/api.w.org\/{rel}","templated":true}]}}